{"id":1084,"date":"2022-02-18T03:44:00","date_gmt":"2022-02-18T02:44:00","guid":{"rendered":"https:\/\/finaccessvalue.es\/?page_id=1084"},"modified":"2026-05-04T22:24:12","modified_gmt":"2026-05-04T20:24:12","slug":"quienes-somos-gobierno-corporativo","status":"publish","type":"page","link":"https:\/\/finaccessvalue.es\/en\/quienes-somos-gobierno-corporativo\/","title":{"rendered":"Gobierno Corporativo"},"content":{"rendered":"<div data-elementor-type=\"wp-page\" data-elementor-id=\"1084\" class=\"elementor elementor-1084\" data-elementor-settings=\"{&quot;ha_cmc_init_switcher&quot;:&quot;no&quot;}\" data-elementor-post-type=\"page\">\n\t\t\t\t\t\t<section class=\"elementor-section elementor-top-section elementor-element elementor-element-c739235 elementor-section-content-middle elementor-reverse-mobile elementor-section-boxed elementor-section-height-default elementor-section-height-default\" data-id=\"c739235\" data-element_type=\"section\" data-e-type=\"section\" data-settings=\"{&quot;background_background&quot;:&quot;classic&quot;,&quot;shape_divider_bottom&quot;:&quot;opacity-tilt&quot;,&quot;_ha_eqh_enable&quot;:false}\">\n\t\t\t\t\t\t\t<div class=\"elementor-background-overlay\"><\/div>\n\t\t\t\t\t\t<div class=\"elementor-shape elementor-shape-bottom\" aria-hidden=\"true\" data-negative=\"false\">\n\t\t\t<svg xmlns=\"http:\/\/www.w3.org\/2000\/svg\" viewbox=\"0 0 2600 131.1\" preserveaspectratio=\"none\">\n\t<path class=\"elementor-shape-fill\" d=\"M0 0L2600 0 2600 69.1 0 0z\"\/>\n\t<path class=\"elementor-shape-fill\" style=\"opacity:0.5\" d=\"M0 0L2600 0 2600 69.1 0 69.1z\"\/>\n\t<path class=\"elementor-shape-fill\" style=\"opacity:0.25\" d=\"M2600 0L0 0 0 130.1 2600 69.1z\"\/>\n<\/svg>\t\t<\/div>\n\t\t\t\t\t<div class=\"elementor-container elementor-column-gap-no\">\n\t\t\t\t\t<div class=\"elementor-column elementor-col-100 elementor-top-column elementor-element elementor-element-18b8b1f elementor-invisible\" data-id=\"18b8b1f\" data-element_type=\"column\" data-e-type=\"column\" data-settings=\"{&quot;animation&quot;:&quot;slideInDown&quot;,&quot;animation_tablet&quot;:&quot;fadeInDown&quot;,&quot;animation_mobile&quot;:&quot;fadeInDown&quot;}\">\n\t\t\t<div class=\"elementor-widget-wrap elementor-element-populated\">\n\t\t\t\t\t\t<div class=\"elementor-element elementor-element-b365578 elementor-widget elementor-widget-spacer\" data-id=\"b365578\" data-element_type=\"widget\" data-e-type=\"widget\" data-widget_type=\"spacer.default\">\n\t\t\t\t<div class=\"elementor-widget-container\">\n\t\t\t\t\t\t\t<div class=\"elementor-spacer\">\n\t\t\t<div class=\"elementor-spacer-inner\"><\/div>\n\t\t<\/div>\n\t\t\t\t\t\t<\/div>\n\t\t\t\t<\/div>\n\t\t\t\t<div class=\"elementor-element elementor-element-9c0c89b elementor-widget elementor-widget-spacer\" data-id=\"9c0c89b\" data-element_type=\"widget\" data-e-type=\"widget\" data-widget_type=\"spacer.default\">\n\t\t\t\t<div class=\"elementor-widget-container\">\n\t\t\t\t\t\t\t<div class=\"elementor-spacer\">\n\t\t\t<div class=\"elementor-spacer-inner\"><\/div>\n\t\t<\/div>\n\t\t\t\t\t\t<\/div>\n\t\t\t\t<\/div>\n\t\t\t\t\t<\/div>\n\t\t<\/div>\n\t\t\t\t\t<\/div>\n\t\t<\/section>\n\t\t\t\t<section class=\"elementor-section elementor-top-section elementor-element elementor-element-a104e2f elementor-section-boxed elementor-section-height-default elementor-section-height-default elementor-invisible\" data-id=\"a104e2f\" data-element_type=\"section\" data-e-type=\"section\" data-settings=\"{&quot;animation&quot;:&quot;fadeInUp&quot;,&quot;_ha_eqh_enable&quot;:false}\">\n\t\t\t\t\t\t<div class=\"elementor-container elementor-column-gap-default\">\n\t\t\t\t\t<div class=\"elementor-column elementor-col-100 elementor-top-column elementor-element elementor-element-18506d0\" data-id=\"18506d0\" data-element_type=\"column\" data-e-type=\"column\">\n\t\t\t<div class=\"elementor-widget-wrap elementor-element-populated\">\n\t\t\t\t\t\t<div class=\"elementor-element elementor-element-6a4198b elementor-widget elementor-widget-heading\" data-id=\"6a4198b\" data-element_type=\"widget\" data-e-type=\"widget\" data-widget_type=\"heading.default\">\n\t\t\t\t<div class=\"elementor-widget-container\">\n\t\t\t\t\t<h4 class=\"elementor-heading-title elementor-size-default\">CORPORATE GOVERNANCE\n<br>\nAND LEGAL INFORMATION<\/h4>\t\t\t\t<\/div>\n\t\t\t\t<\/div>\n\t\t\t\t<div class=\"elementor-element elementor-element-99f685b elementor-nav-menu__align-center elementor-nav-menu--dropdown-none elementor-widget elementor-widget-nav-menu\" data-id=\"99f685b\" data-element_type=\"widget\" data-e-type=\"widget\" data-settings=\"{&quot;layout&quot;:&quot;horizontal&quot;,&quot;submenu_icon&quot;:{&quot;value&quot;:&quot;&lt;i class=\\&quot;fas fa-caret-down\\&quot; aria-hidden=\\&quot;true\\&quot;&gt;&lt;\\\/i&gt;&quot;,&quot;library&quot;:&quot;fa-solid&quot;}}\" data-widget_type=\"nav-menu.default\">\n\t\t\t\t<div class=\"elementor-widget-container\">\n\t\t\t\t\t\t\t\t<nav aria-label=\"Men\u00fa\" class=\"elementor-nav-menu--main elementor-nav-menu__container elementor-nav-menu--layout-horizontal e--pointer-underline e--animation-fade\">\n\t\t\t\t<ul id=\"menu-1-99f685b\" class=\"elementor-nav-menu\"><li class=\"menu-item menu-item-type-post_type menu-item-object-page menu-item-1185\"><a href=\"https:\/\/finaccessvalue.es\/en\/quienes-somos\/\" class=\"elementor-item\">About Us<\/a><\/li>\n<li class=\"menu-item menu-item-type-post_type menu-item-object-page menu-item-1178\"><a href=\"https:\/\/finaccessvalue.es\/en\/quienes-somos-nuestro-equipo\/\" class=\"elementor-item\">Our Team<\/a><\/li>\n<li class=\"menu-item menu-item-type-post_type menu-item-object-page menu-item-1176\"><a href=\"https:\/\/finaccessvalue.es\/en\/quienes-somos-filosofia-de-inversion\/\" class=\"elementor-item\">Investment Philosophy<\/a><\/li>\n<li class=\"menu-item menu-item-type-post_type menu-item-object-page menu-item-1177\"><a href=\"https:\/\/finaccessvalue.es\/en\/quienes-somos-gobierno-corporativo\/\" class=\"elementor-item\">Corporate Governance and Legal Information<\/a><\/li>\n<\/ul>\t\t\t<\/nav>\n\t\t\t\t\t\t<nav class=\"elementor-nav-menu--dropdown elementor-nav-menu__container\" aria-hidden=\"true\">\n\t\t\t\t<ul id=\"menu-2-99f685b\" class=\"elementor-nav-menu\"><li class=\"menu-item menu-item-type-post_type menu-item-object-page menu-item-1185\"><a href=\"https:\/\/finaccessvalue.es\/en\/quienes-somos\/\" class=\"elementor-item\" tabindex=\"-1\">About Us<\/a><\/li>\n<li class=\"menu-item menu-item-type-post_type menu-item-object-page menu-item-1178\"><a href=\"https:\/\/finaccessvalue.es\/en\/quienes-somos-nuestro-equipo\/\" class=\"elementor-item\" tabindex=\"-1\">Our Team<\/a><\/li>\n<li class=\"menu-item menu-item-type-post_type menu-item-object-page menu-item-1176\"><a href=\"https:\/\/finaccessvalue.es\/en\/quienes-somos-filosofia-de-inversion\/\" class=\"elementor-item\" tabindex=\"-1\">Investment Philosophy<\/a><\/li>\n<li class=\"menu-item menu-item-type-post_type menu-item-object-page menu-item-1177\"><a href=\"https:\/\/finaccessvalue.es\/en\/quienes-somos-gobierno-corporativo\/\" class=\"elementor-item\" tabindex=\"-1\">Corporate Governance and Legal Information<\/a><\/li>\n<\/ul>\t\t\t<\/nav>\n\t\t\t\t\t\t<\/div>\n\t\t\t\t<\/div>\n\t\t\t\t\t<\/div>\n\t\t<\/div>\n\t\t\t\t\t<\/div>\n\t\t<\/section>\n\t\t\t\t<section class=\"elementor-section elementor-top-section elementor-element elementor-element-1a9955e elementor-section-boxed elementor-section-height-default elementor-section-height-default\" data-id=\"1a9955e\" data-element_type=\"section\" data-e-type=\"section\" data-settings=\"{&quot;_ha_eqh_enable&quot;:false}\">\n\t\t\t\t\t\t<div class=\"elementor-container elementor-column-gap-default\">\n\t\t\t\t\t<div class=\"elementor-column elementor-col-100 elementor-top-column elementor-element elementor-element-aea0f9f\" data-id=\"aea0f9f\" data-element_type=\"column\" data-e-type=\"column\">\n\t\t\t<div class=\"elementor-widget-wrap elementor-element-populated\">\n\t\t\t\t\t\t<div class=\"elementor-element elementor-element-d740546 elementor-widget elementor-widget-spacer\" data-id=\"d740546\" data-element_type=\"widget\" data-e-type=\"widget\" data-widget_type=\"spacer.default\">\n\t\t\t\t<div class=\"elementor-widget-container\">\n\t\t\t\t\t\t\t<div class=\"elementor-spacer\">\n\t\t\t<div class=\"elementor-spacer-inner\"><\/div>\n\t\t<\/div>\n\t\t\t\t\t\t<\/div>\n\t\t\t\t<\/div>\n\t\t\t\t\t<\/div>\n\t\t<\/div>\n\t\t\t\t\t<\/div>\n\t\t<\/section>\n\t\t\t\t<section class=\"elementor-section elementor-top-section elementor-element elementor-element-4266104 elementor-section-content-middle elementor-section-boxed elementor-section-height-default elementor-section-height-default\" data-id=\"4266104\" data-element_type=\"section\" data-e-type=\"section\" data-settings=\"{&quot;background_background&quot;:&quot;classic&quot;,&quot;shape_divider_top&quot;:&quot;triangle-asymmetrical&quot;,&quot;shape_divider_top_negative&quot;:&quot;yes&quot;,&quot;shape_divider_bottom&quot;:&quot;triangle-asymmetrical&quot;,&quot;shape_divider_bottom_negative&quot;:&quot;yes&quot;,&quot;_ha_eqh_enable&quot;:false}\">\n\t\t\t\t\t\t\t<div class=\"elementor-background-overlay\"><\/div>\n\t\t\t\t\t\t<div class=\"elementor-shape elementor-shape-top\" aria-hidden=\"true\" data-negative=\"true\">\n\t\t\t<svg xmlns=\"http:\/\/www.w3.org\/2000\/svg\" viewbox=\"0 0 1000 100\" preserveaspectratio=\"none\">\n\t<path class=\"elementor-shape-fill\" d=\"M737.9,94.7L0,0v100h1000V0L737.9,94.7z\"\/>\n<\/svg>\t\t<\/div>\n\t\t\t\t<div class=\"elementor-shape elementor-shape-bottom\" aria-hidden=\"true\" data-negative=\"true\">\n\t\t\t<svg xmlns=\"http:\/\/www.w3.org\/2000\/svg\" viewbox=\"0 0 1000 100\" preserveaspectratio=\"none\">\n\t<path class=\"elementor-shape-fill\" d=\"M737.9,94.7L0,0v100h1000V0L737.9,94.7z\"\/>\n<\/svg>\t\t<\/div>\n\t\t\t\t\t<div class=\"elementor-container elementor-column-gap-no\">\n\t\t\t\t\t<div class=\"elementor-column elementor-col-100 elementor-top-column elementor-element elementor-element-fda4aa7 elementor-invisible\" data-id=\"fda4aa7\" data-element_type=\"column\" data-e-type=\"column\" data-settings=\"{&quot;animation&quot;:&quot;fadeInRight&quot;}\">\n\t\t\t<div class=\"elementor-widget-wrap elementor-element-populated\">\n\t\t\t\t\t\t<div class=\"elementor-element elementor-element-b443561 elementor-widget elementor-widget-heading\" data-id=\"b443561\" data-element_type=\"widget\" data-e-type=\"widget\" data-widget_type=\"heading.default\">\n\t\t\t\t<div class=\"elementor-widget-container\">\n\t\t\t\t\t<h4 class=\"elementor-heading-title elementor-size-default\">CORPORATE GOVERNANCE<\/h4>\t\t\t\t<\/div>\n\t\t\t\t<\/div>\n\t\t\t\t<div class=\"elementor-element elementor-element-c62606f elementor-widget elementor-widget-text-editor\" data-id=\"c62606f\" data-element_type=\"widget\" data-e-type=\"widget\" data-widget_type=\"text-editor.default\">\n\t\t\t\t<div class=\"elementor-widget-container\">\n\t\t\t\t\t\t\t\t\t<p class=\"p1\">At Grupo Finaccess we comply with the strictest corporate governance norms. Each of the Group\u2019s companies and divisions operates based on <span class=\"s1\">the necessary<\/span> <span class=\"s2\">internal bylaws<\/span> To apply best practices.<span class=\"s2\">.<\/span><\/p><p class=\"p1\">Our companies are currently audited by an external auditor.<span class=\"s2\">.<\/span><\/p><p class=\"p1\">At Grupo Finaccess we make a constant effort to strengthen our internal controls and to adhere to the strictest standards in corporate governance.<span class=\"s2\">.<\/span><\/p><p class=\"p1\">We periodically communicate our Code of Ethics and <span class=\"s1\">Conduct <\/span>so that all our <span class=\"s1\">clients, suppliers and <\/span>employees can know, understand, and apply its principles.<span class=\"s2\">.<\/span><\/p>\t\t\t\t\t\t\t\t<\/div>\n\t\t\t\t<\/div>\n\t\t\t\t\t<\/div>\n\t\t<\/div>\n\t\t\t\t\t<\/div>\n\t\t<\/section>\n\t\t\t\t<section class=\"elementor-section elementor-top-section elementor-element elementor-element-315f1dd elementor-section-boxed elementor-section-height-default elementor-section-height-default\" data-id=\"315f1dd\" data-element_type=\"section\" data-e-type=\"section\" data-settings=\"{&quot;_ha_eqh_enable&quot;:false}\">\n\t\t\t\t\t\t<div class=\"elementor-container elementor-column-gap-default\">\n\t\t\t\t\t<div class=\"elementor-column elementor-col-100 elementor-top-column elementor-element elementor-element-6c30566\" data-id=\"6c30566\" data-element_type=\"column\" data-e-type=\"column\">\n\t\t\t<div class=\"elementor-widget-wrap elementor-element-populated\">\n\t\t\t\t\t\t<div class=\"elementor-element elementor-element-c87053a elementor-widget elementor-widget-spacer\" data-id=\"c87053a\" data-element_type=\"widget\" data-e-type=\"widget\" data-widget_type=\"spacer.default\">\n\t\t\t\t<div class=\"elementor-widget-container\">\n\t\t\t\t\t\t\t<div class=\"elementor-spacer\">\n\t\t\t<div class=\"elementor-spacer-inner\"><\/div>\n\t\t<\/div>\n\t\t\t\t\t\t<\/div>\n\t\t\t\t<\/div>\n\t\t\t\t\t<\/div>\n\t\t<\/div>\n\t\t\t\t\t<\/div>\n\t\t<\/section>\n\t\t\t\t<section class=\"elementor-section elementor-top-section elementor-element elementor-element-b34b90d elementor-section-boxed elementor-section-height-default elementor-section-height-default elementor-invisible\" data-id=\"b34b90d\" data-element_type=\"section\" data-e-type=\"section\" data-settings=\"{&quot;animation&quot;:&quot;fadeInUp&quot;,&quot;_ha_eqh_enable&quot;:false}\">\n\t\t\t\t\t\t<div class=\"elementor-container elementor-column-gap-default\">\n\t\t\t\t\t<div class=\"elementor-column elementor-col-100 elementor-top-column elementor-element elementor-element-446f42b\" data-id=\"446f42b\" data-element_type=\"column\" data-e-type=\"column\">\n\t\t\t<div class=\"elementor-widget-wrap elementor-element-populated\">\n\t\t\t\t\t\t<div class=\"elementor-element elementor-element-e0df945 elementor-widget elementor-widget-heading\" data-id=\"e0df945\" data-element_type=\"widget\" data-e-type=\"widget\" data-widget_type=\"heading.default\">\n\t\t\t\t<div class=\"elementor-widget-container\">\n\t\t\t\t\t<h4 class=\"elementor-heading-title elementor-size-default\">LEGAL INFROMATION<\/h4>\t\t\t\t<\/div>\n\t\t\t\t<\/div>\n\t\t\t\t\t<\/div>\n\t\t<\/div>\n\t\t\t\t\t<\/div>\n\t\t<\/section>\n\t\t\t\t<section class=\"elementor-section elementor-top-section elementor-element elementor-element-2768890 elementor-section-boxed elementor-section-height-default elementor-section-height-default\" data-id=\"2768890\" data-element_type=\"section\" data-e-type=\"section\" data-settings=\"{&quot;_ha_eqh_enable&quot;:false}\">\n\t\t\t\t\t\t<div class=\"elementor-container elementor-column-gap-default\">\n\t\t\t\t\t<div class=\"elementor-column elementor-col-100 elementor-top-column elementor-element elementor-element-72c5c8c\" data-id=\"72c5c8c\" data-element_type=\"column\" data-e-type=\"column\">\n\t\t\t<div class=\"elementor-widget-wrap elementor-element-populated\">\n\t\t\t\t\t\t<div class=\"elementor-element elementor-element-c79f29b elementor-widget elementor-widget-ha-advanced-tabs happy-addon ha-advanced-tabs happy-addon-pro\" data-id=\"c79f29b\" data-element_type=\"widget\" data-e-type=\"widget\" data-widget_type=\"ha-advanced-tabs.default\">\n\t\t\t\t<div class=\"elementor-widget-container\">\n\t\t\t\t\t\t\t<div class=\"ha-tabs-c79f29b ha-tabs ha-tabs--nav-top ha-tabs--nav-x-center  ha-tabs--icon-left\" role=\"tablist\">\n\t\t\t<div class=\"ha-tabs__nav\">\n\t\t\t\t\t\t\t\t\t<div id=\"ha-tab-title-2091\" class=\"ha-tab__title ha-tab__title--desktop elementor-repeater-item-cf4463c\" data-tab=\"1\" role=\"tab\" aria-controls=\"ha-tab__content-2091\">\n\t\t\t\t\t\t\t\t\t\t\t\t<span class=\"ha-tab__title-icon\"><i class=\"hm hm-file\"><\/i><\/span>\n\t\t\t\t\t\t\t\t\t\t\t\t<span class=\"ha-tab__title-text\">Investment services contract<\/span><\/div>\n\t\t\t\t\t\t\t\t\t<div id=\"ha-tab-title-2092\" class=\"ha-tab__title ha-tab__title--desktop elementor-repeater-item-6766882\" data-tab=\"2\" role=\"tab\" aria-controls=\"ha-tab__content-2092\">\n\t\t\t\t\t\t\t\t\t\t\t\t<span class=\"ha-tab__title-icon\"><i class=\"hm hm-file\"><\/i><\/span>\n\t\t\t\t\t\t\t\t\t\t\t\t<span class=\"ha-tab__title-text\">MiFID Information<\/span><\/div>\n\t\t\t\t\t\t\t\t\t<div id=\"ha-tab-title-2093\" class=\"ha-tab__title ha-tab__title--desktop elementor-repeater-item-8ab05ef\" data-tab=\"3\" role=\"tab\" aria-controls=\"ha-tab__content-2093\">\n\t\t\t\t\t\t\t\t\t\t\t\t<span class=\"ha-tab__title-icon\"><i class=\"hm hm-file\"><\/i><\/span>\n\t\t\t\t\t\t\t\t\t\t\t\t<span class=\"ha-tab__title-text\">Solvency<\/span><\/div>\n\t\t\t\t\t\t\t\t\t<div id=\"ha-tab-title-2094\" class=\"ha-tab__title ha-tab__title--desktop elementor-repeater-item-6196ff9\" data-tab=\"4\" role=\"tab\" aria-controls=\"ha-tab__content-2094\">\n\t\t\t\t\t\t\t\t\t\t\t\t<span class=\"ha-tab__title-icon\"><i class=\"hm hm-file\"><\/i><\/span>\n\t\t\t\t\t\t\t\t\t\t\t\t<span class=\"ha-tab__title-text\">Information pertaining to client services<\/span><\/div>\n\t\t\t\t\t\t\t<\/div>\n\t\t\t<div class=\"ha-tabs__content\">\n\t\t\t\t\t\t\t\t\t<div class=\"ha-tab__title ha-tab__title--mobile elementor-repeater-item-cf4463c\" data-tab=\"1\" role=\"tab\">\n\t\t\t\t\t\t\t\t\t\t\t\t<span class=\"ha-tab__title-icon\"><i class=\"hm hm-file\"><\/i><\/span>\n\t\t\t\t\t\t\t\t\t\t\t\t<span class=\"ha-tab__title-text\">Investment services contract<\/span>\n\t\t\t\t\t<\/div>\n\t\t\t\t\t<div id=\"ha-tab-content-2091\" class=\"ha-tab__content ha-clearfix elementor-repeater-item-cf4463c\" data-tab=\"1\" role=\"tabpanel\" aria-labelledby=\"ha-tab-title-2091\">\n\t\t\t\t\t\t<ul><li><a href=\"https:\/\/finaccessvalue.es\/wp-content\/uploads\/2022\/05\/20210723_FINACCESS_MiFID_Contrato-completo_Ase-RTO_minorista_pf-VFinal.pdf\" target=\"_blank\" rel=\"noopener\">Contract for advisory services for investing and for receiving and transmitting investment orders for retail clients<\/a><\/li><\/ul>\t\t\t\t\t<\/div>\n\t\t\t\t\t\t\t\t\t<div class=\"ha-tab__title ha-tab__title--mobile elementor-repeater-item-6766882\" data-tab=\"2\" role=\"tab\">\n\t\t\t\t\t\t\t\t\t\t\t\t<span class=\"ha-tab__title-icon\"><i class=\"hm hm-file\"><\/i><\/span>\n\t\t\t\t\t\t\t\t\t\t\t\t<span class=\"ha-tab__title-text\">MiFID Information<\/span>\n\t\t\t\t\t<\/div>\n\t\t\t\t\t<div id=\"ha-tab-content-2092\" class=\"ha-tab__content ha-clearfix elementor-repeater-item-6766882\" data-tab=\"2\" role=\"tabpanel\" aria-labelledby=\"ha-tab-title-2092\">\n\t\t\t\t\t\t<ul><li><a href=\"https:\/\/finaccessvalue.es\/wp-content\/uploads\/2025\/09\/20253131-Politica-de-Integracion_vF.pdf\" target=\"_blank\" rel=\"noopener\">Information on MiFID Policies<\/a><\/li><li><a href=\"https:\/\/finaccessvalue.es\/wp-content\/uploads\/2025\/09\/20250331-FV-Politica-Remuneraciones_VF.pdf\" target=\"_blank\" rel=\"noopener\">Compensation policy<\/a><\/li><li><a href=\"https:\/\/finaccessvalue.es\/wp-content\/uploads\/2022\/05\/20210721-FV-Politica-de-mejor-ejecucion.pdf\" target=\"_blank\" rel=\"noopener\">Policy for best execution<\/a><\/li><li><a href=\"https:\/\/finaccessvalue.es\/wp-content\/uploads\/2025\/09\/20250626-FV-Pol-Conflictos-de-Interes.pdf\" target=\"_blank\" rel=\"noopener\">Policy for managing conflicts of interest<\/a><\/li><li><a href=\"https:\/\/finaccessvalue.es\/wp-content\/uploads\/2025\/09\/20253131-Politica-de-Integracion_vF.pdf\" target=\"_blank\" rel=\"noopener\">Pol\u00edtica de Integraci\u00f3n.<\/a><\/li><li><a href=\"https:\/\/finaccessvalue.es\/wp-content\/uploads\/2022\/06\/20220610-LEGAL_Gobierno-Corporativo.docx.pdf\" target=\"_blank\" rel=\"noopener\">Informaci\u00f3n sobre gobierno corporativo.<\/a><\/li><li><a href=\"https:\/\/finaccessvalue.es\/wp-content\/uploads\/2023\/01\/20220927-FV-Politica-Implicacion.pdf\" target=\"_blank\" rel=\"noopener\">Pol\u00edtica de Implicaci\u00f3n de Accionistas<\/a><\/li><li><a href=\"https:\/\/finaccessvalue.es\/wp-content\/uploads\/2023\/05\/SOLVENCIA_FINACCESS_20221231-v.-3.pdf\" target=\"_blank\" rel=\"noopener\">Informe de Solvencia<\/a><\/li><li><a href=\"https:\/\/finaccessvalue.es\/wp-content\/uploads\/2024\/04\/20230414_FINACCESS_Politica-del-Canal-de-Denuncias.pdf\" target=\"_blank\" rel=\"noopener\">Pol\u00edtica del Canal de Denuncias<\/a><\/li><\/ul>\t\t\t\t\t<\/div>\n\t\t\t\t\t\t\t\t\t<div class=\"ha-tab__title ha-tab__title--mobile elementor-repeater-item-8ab05ef\" data-tab=\"3\" role=\"tab\">\n\t\t\t\t\t\t\t\t\t\t\t\t<span class=\"ha-tab__title-icon\"><i class=\"hm hm-file\"><\/i><\/span>\n\t\t\t\t\t\t\t\t\t\t\t\t<span class=\"ha-tab__title-text\">Solvency<\/span>\n\t\t\t\t\t<\/div>\n\t\t\t\t\t<div id=\"ha-tab-content-2093\" class=\"ha-tab__content ha-clearfix elementor-repeater-item-8ab05ef\" data-tab=\"3\" role=\"tabpanel\" aria-labelledby=\"ha-tab-title-2093\">\n\t\t\t\t\t\t<ul><li><a href=\"https:\/\/finaccessvalue.es\/wp-content\/uploads\/2026\/05\/Informe-de-Solvencia-4_05_2026.pdf\" target=\"_blank\" rel=\"noopener\">Informe de Solvencia<\/a><\/li><\/ul><ul><li style=\"list-style-type: none;\">\u00a0<\/li><\/ul>\t\t\t\t\t<\/div>\n\t\t\t\t\t\t\t\t\t<div class=\"ha-tab__title ha-tab__title--mobile elementor-repeater-item-6196ff9\" data-tab=\"4\" role=\"tab\">\n\t\t\t\t\t\t\t\t\t\t\t\t<span class=\"ha-tab__title-icon\"><i class=\"hm hm-file\"><\/i><\/span>\n\t\t\t\t\t\t\t\t\t\t\t\t<span class=\"ha-tab__title-text\">Information pertaining to client services<\/span>\n\t\t\t\t\t<\/div>\n\t\t\t\t\t<div id=\"ha-tab-content-2094\" class=\"ha-tab__content ha-clearfix elementor-repeater-item-6196ff9\" data-tab=\"4\" role=\"tabpanel\" aria-labelledby=\"ha-tab-title-2094\">\n\t\t\t\t\t\t<ul><li>Information for presenting claims (contract data)<ul><li>D. Jos\u00e9 David Rodr\u00edguez Prado<br \/>C\/ Antonio Maura n\u00ba8, PB, 28014, Madrid<br \/><a href=\"mailto:jrodriguez@finaccessvalue.es\">jrodriguez@finaccessvalue.es<\/a><\/li><\/ul><\/li><\/ul><ul><li><a href=\"https:\/\/finaccessvalue.es\/wp-content\/uploads\/2025\/09\/20250331-Atencion-al-Cliente_VF.pdf\" target=\"_blank\" rel=\"noopener\">Bylaws for client protection<\/a><\/li><\/ul><p>This service will address client grievances and claims in a period of no more than two months.<br \/>Additionally, Finaccess Value informs its clients about the Grievance Service offered by the Comisi\u00f3n Nacional del Mercado de Valores, CNMV (National Commission of the Securities Market) which is part of the Investment Division of the CNMV, located on C\/Edis\u00f3n 4 28006 Madrid. For more information, visit\u00a0<a href=\"https:\/\/eur01.safelinks.protection.outlook.com\/?url=http%253A%252F%252Fwww.cnmv.es%252F&amp;data=05%257C01%257Clfernandez%2540finaccess.es%257C1b5427a54d464732496b08da2ea33294%257C59985adee6c4489895522ce22c977ada%257C0%257C0%257C637873575723636192%257CUnknown%257CTWFpbGZsb3d8eyJWIjoiMC4wLjAwMDAiLCJQIjoiV2luMzIiLCJBTiI6Ik1haWwiLCJXVCI6Mn0%253D%257C3000%257C%257C%257C&amp;sdata=SfdgAUILYi1pUjf%252BINT%252BWCFGIqFqDyY0%252FUFjGf79YIQ%253D&amp;reserved=0\" target=\"_blank\" rel=\"noopener\">http:\/\/www.cnmv.es<\/a>\u00a0or send an e-mail to\u00a0informaci\u00f3n@cnmv.es<br \/>For more information, consult Order ECO\/734\/2004, published on March 11, regarding client service and protection divisions at financial entities.<\/p>\t\t\t\t\t<\/div>\n\t\t\t\t\t\t\t<\/div>\n\t\t<\/div>\n\t\t\t\t\t\t<\/div>\n\t\t\t\t<\/div>\n\t\t\t\t\t<\/div>\n\t\t<\/div>\n\t\t\t\t\t<\/div>\n\t\t<\/section>\n\t\t\t\t<section class=\"elementor-section elementor-top-section elementor-element elementor-element-ee9c3c4 elementor-section-boxed elementor-section-height-default elementor-section-height-default\" data-id=\"ee9c3c4\" data-element_type=\"section\" data-e-type=\"section\" data-settings=\"{&quot;_ha_eqh_enable&quot;:false}\">\n\t\t\t\t\t\t<div class=\"elementor-container elementor-column-gap-default\">\n\t\t\t\t\t<div class=\"elementor-column elementor-col-100 elementor-top-column elementor-element elementor-element-0bec990\" data-id=\"0bec990\" data-element_type=\"column\" data-e-type=\"column\">\n\t\t\t<div class=\"elementor-widget-wrap elementor-element-populated\">\n\t\t\t\t\t\t<div class=\"elementor-element elementor-element-5785446 elementor-widget elementor-widget-spacer\" data-id=\"5785446\" data-element_type=\"widget\" data-e-type=\"widget\" data-widget_type=\"spacer.default\">\n\t\t\t\t<div class=\"elementor-widget-container\">\n\t\t\t\t\t\t\t<div class=\"elementor-spacer\">\n\t\t\t<div class=\"elementor-spacer-inner\"><\/div>\n\t\t<\/div>\n\t\t\t\t\t\t<\/div>\n\t\t\t\t<\/div>\n\t\t\t\t\t<\/div>\n\t\t<\/div>\n\t\t\t\t\t<\/div>\n\t\t<\/section>\n\t\t\t\t<\/div>","protected":false},"excerpt":{"rendered":"<p>GOBIERNO CORPORATIVO e informaci\u00f3n legal GOBIERNO CORPORATIVO En Grupo Finaccess nos atenemos a las m\u00e1s estrictas normas de gobierno corporativo y en todas nuestras empresas y divisiones operamos conforme a la regulaci\u00f3n requerida necesaria para aplicar las mejores pr\u00e1cticas. Actualmente nuestras empresas son auditadas. En Grupo Finaccess realizamos un esfuerzo constante para robustecer el control [&hellip;]<\/p>\n","protected":false},"author":1,"featured_media":0,"parent":0,"menu_order":0,"comment_status":"closed","ping_status":"closed","template":"elementor_header_footer","meta":{"footnotes":""},"class_list":["post-1084","page","type-page","status-publish","hentry"],"_links":{"self":[{"href":"https:\/\/finaccessvalue.es\/en\/wp-json\/wp\/v2\/pages\/1084","targetHints":{"allow":["GET"]}}],"collection":[{"href":"https:\/\/finaccessvalue.es\/en\/wp-json\/wp\/v2\/pages"}],"about":[{"href":"https:\/\/finaccessvalue.es\/en\/wp-json\/wp\/v2\/types\/page"}],"author":[{"embeddable":true,"href":"https:\/\/finaccessvalue.es\/en\/wp-json\/wp\/v2\/users\/1"}],"replies":[{"embeddable":true,"href":"https:\/\/finaccessvalue.es\/en\/wp-json\/wp\/v2\/comments?post=1084"}],"version-history":[{"count":229,"href":"https:\/\/finaccessvalue.es\/en\/wp-json\/wp\/v2\/pages\/1084\/revisions"}],"predecessor-version":[{"id":6024,"href":"https:\/\/finaccessvalue.es\/en\/wp-json\/wp\/v2\/pages\/1084\/revisions\/6024"}],"wp:attachment":[{"href":"https:\/\/finaccessvalue.es\/en\/wp-json\/wp\/v2\/media?parent=1084"}],"curies":[{"name":"wp","href":"https:\/\/api.w.org\/{rel}","templated":true}]}}