{"id":167,"date":"2021-10-12T01:02:04","date_gmt":"2021-10-11T23:02:04","guid":{"rendered":"https:\/\/finaccessvalue.es\/?page_id=167"},"modified":"2026-05-04T22:14:37","modified_gmt":"2026-05-04T20:14:37","slug":"aviso-legal","status":"publish","type":"page","link":"https:\/\/finaccessvalue.es\/en\/aviso-legal\/","title":{"rendered":"Legal Notice"},"content":{"rendered":"<div data-elementor-type=\"wp-page\" data-elementor-id=\"167\" class=\"elementor elementor-167\" data-elementor-settings=\"{&quot;ha_cmc_init_switcher&quot;:&quot;no&quot;}\" data-elementor-post-type=\"page\">\n\t\t\t\t\t\t<section class=\"elementor-section elementor-top-section elementor-element elementor-element-a16b809 elementor-section-boxed elementor-section-height-default elementor-section-height-default\" data-id=\"a16b809\" data-element_type=\"section\" data-e-type=\"section\" data-settings=\"{&quot;_ha_eqh_enable&quot;:false}\">\n\t\t\t\t\t\t<div class=\"elementor-container elementor-column-gap-default\">\n\t\t\t\t\t<div class=\"elementor-column elementor-col-100 elementor-top-column elementor-element elementor-element-0b234df\" data-id=\"0b234df\" data-element_type=\"column\" data-e-type=\"column\">\n\t\t\t<div class=\"elementor-widget-wrap elementor-element-populated\">\n\t\t\t\t\t\t<div class=\"elementor-element elementor-element-7f9877a elementor-widget elementor-widget-heading\" data-id=\"7f9877a\" data-element_type=\"widget\" data-e-type=\"widget\" data-widget_type=\"heading.default\">\n\t\t\t\t<div class=\"elementor-widget-container\">\n\t\t\t\t\t<h4 class=\"elementor-heading-title elementor-size-default\">Legal Notice<\/h4>\t\t\t\t<\/div>\n\t\t\t\t<\/div>\n\t\t\t\t\t<\/div>\n\t\t<\/div>\n\t\t\t\t\t<\/div>\n\t\t<\/section>\n\t\t\t\t<section class=\"elementor-section elementor-top-section elementor-element elementor-element-2265f61 elementor-section-boxed elementor-section-height-default elementor-section-height-default\" data-id=\"2265f61\" data-element_type=\"section\" data-e-type=\"section\" data-settings=\"{&quot;_ha_eqh_enable&quot;:false}\">\n\t\t\t\t\t\t<div class=\"elementor-container elementor-column-gap-default\">\n\t\t\t\t\t<div class=\"elementor-column elementor-col-100 elementor-top-column elementor-element elementor-element-c0f3b83\" data-id=\"c0f3b83\" data-element_type=\"column\" data-e-type=\"column\">\n\t\t\t<div class=\"elementor-widget-wrap elementor-element-populated\">\n\t\t\t\t\t\t<div class=\"elementor-element elementor-element-bad96ab elementor-widget elementor-widget-text-editor\" data-id=\"bad96ab\" data-element_type=\"widget\" data-e-type=\"widget\" data-widget_type=\"text-editor.default\">\n\t\t\t\t<div class=\"elementor-widget-container\">\n\t\t\t\t\t\t\t\t\t<p>El presente aviso legal regula el uso del Sitio Web www.finaccessvalue.es (el \u201cSitio Web\u201d) del que es titular FINACCESS VALUE AGENCIA DE VALORES, S.A.U. (en lo sucesivo, \u201cFinaccess Value\u201d).<\/p><p>La navegaci\u00f3n por el Sitio Web de Finaccess Value, atribuye al visitante la condici\u00f3n de usuario e implica la aceptaci\u00f3n plena y sin reservas de todas y cada una de las disposiciones incluidas en presente Aviso Legal.<\/p><p>Finaccess Value se reserva el derecho de modificar en cualquier momento el presente Aviso Legal del Sitio Web, as\u00ed como cualesquiera otras condiciones generales o particulares, reglamentos de uso, instrucciones o avisos que resulten de aplicaci\u00f3n. Asimismo, Finaccess Value se reserva el derecho de suspender, interrumpir o dejar de operar el Sitio Web en cualquier momento.<\/p><p><b>1. IDENTIFICACI\u00d3N<\/b><\/p><p>FINACCESS VALUE AGENCIA DE VALORES, S.A.U. en cumplimiento de la Ley 34\/2002, de 11 de julio de servicios de la sociedad de la informaci\u00f3n y de comercio electr\u00f3nico, le informa que:<br \/>Finaccess Value es una agencia de valores, autorizada por la Comisi\u00f3n Nacional del Mercado de Valores e inscrita en su registro oficial con el n\u00famero 301.<br \/>A su vez, se encuentra inscrita en el Registro Mercantil de Madrid en la Hoja M-728983, Folio 72, Tomo 41110 y con CIF A02740306.<br \/>Su domicilio social se encuentra en la calle N\u00fa\u00f1ez de Balboa 9, 1\u00ba Izquierda, 28001, Madrid. Puede ponerse en contacto con nosotros a trav\u00e9s del correo:\u00a0fvalue@finaccessvalue.es\u00a0o llamando al n\u00famero 917374114.<\/p><h4 style=\"margin-right: 0px; margin-bottom: 5px; margin-left: 0px; font-variant-numeric: normal; font-variant-east-asian: normal; font-stretch: normal; font-size: 11.5px; line-height: normal; font-family: Montserrat; color: #676767;\">\u00a0<\/h4><p><b>2. CONDICIONES DE ACCESO Y UTILIZACI\u00d3N DEL SITIO WEB<\/b><\/p><p>El Usuario reconoce y acepta que el acceso y uso del Sitio Web y\/o de los contenidos incluidos en el mismo, tiene lugar libre y conscientemente, bajo su exclusiva responsabilidad. El acceso al Sitio Web y\/o a los contenidos incluidos en el mismo, no implica ning\u00fan tipo de garant\u00eda respecto a la idoneidad del Sitio Web y\/o de los contenidos incluidos en el mismo para fines particulares o espec\u00edficos de los Usuarios.<\/p><p>Finaccess Value podr\u00e1 establecer limitaciones o condiciones adicionales para el uso y acceso al Sitio Web o a los Contenidos, las cuales deber\u00e1n ser observadas por los Usuarios en todo caso.<\/p><p>El Usuario se compromete a usar el Sitio Web y los contenidos de forma adecuada y l\u00edcita, de conformidad con la legislaci\u00f3n aplicable, el presente Aviso Legal, la moral y buenas costumbres generalmente aceptadas y el orden p\u00fablico. El Usuario deber\u00e1 abstenerse de:<\/p><ol><li>Hacer un uso no autorizado o fraudulento del Sitio Web o de los contenidos;<\/li><li>Acceder o intentar acceder a recursos o \u00e1reas restringidas del Sitio Web, sin cumplir las condiciones exigidas para dicho acceso;<\/li><li>Utilizar el Sitio Web o los contenidos con fines o efectos il\u00edcitos, ilegales, contrarios a lo establecido en el presente Aviso Legal, a la buena fe y al orden p\u00fablico, lesivos de los derechos e intereses de terceros, o que de cualquier forma puedan da\u00f1ar, inutilizar o sobrecargar el Sitio Web o impedir la normal utilizaci\u00f3n o disfrute del Sitio Web;<\/li><li>Provocar da\u00f1os en los sistemas f\u00edsicos o l\u00f3gicos de Finaccess Value, de sus proveedores o de terceros;<\/li><li>Introducir o difundir en la red virus inform\u00e1ticos o cualesquiera otros sistemas f\u00edsicos o l\u00f3gicos que sean susceptibles de provocar da\u00f1os en los sistemas f\u00edsicos o l\u00f3gicos de Finaccess Value, de sus proveedores o de terceros;<\/li><li>Intentar acceder, utilizar y\/o manipular los datos de Finaccess Value, terceros proveedores y otros usuarios;<\/li><li>Reproducir o copiar, distribuir, permitir el acceso del p\u00fablico a trav\u00e9s de cualquier modalidad de comunicaci\u00f3n p\u00fablica, transformar o modificar los contenidos, a menos que se cuente con la autorizaci\u00f3n del titular de los correspondientes derechos o ello resulte legalmente permitido;<\/li><li>Suprimir, ocultar o manipular las notas sobre derechos de autor y dem\u00e1s datos identificativos de los derechos de Finaccess Value o de terceros incorporados a los contenidos, as\u00ed como los dispositivos t\u00e9cnicos de protecci\u00f3n o cualesquiera mecanismos de informaci\u00f3n que puedan insertarse en los contenidos;<\/li><li>Obtener e intentar obtener los contenidos empleando para ello medios o procedimientos distintos de los que, seg\u00fan los casos, se hayan puesto a su disposici\u00f3n a este efecto o se hayan indicado expresamente en las p\u00e1ginas web donde se encuentren los contenidos o, en general, de los que se empleen habitualmente en Internet por no entra\u00f1ar un riesgo de da\u00f1o o inutilizaci\u00f3n del Sitio Web y\/o de los contenidos.<\/li><\/ol><p>El establecimiento de un hiperenlace a otro sitio web no implica en ning\u00fan caso la existencia de relaciones entre Finaccess Value y el propietario del sitio web enlazado, ni la aceptaci\u00f3n y aprobaci\u00f3n por parte de Finaccess Value de sus contenidos o servicios.<\/p><p>Aquellas personas que se propongan establecer un hiperenlace al Sitio Web de Finaccess Value deber\u00e1n solicitar previamente a Finaccess Value una autorizaci\u00f3n por escrito. En todo caso, el hiperenlace \u00fanicamente permitir\u00e1 el acceso a la home-page o p\u00e1gina de inicio de nuestro Sitio Web, asimismo deber\u00e1 abstenerse de realizar manifestaciones o indicaciones falsas, inexactas o incorrectas sobre Finaccess Value o incluir contenidos il\u00edcitos, contrarios a las buenas costumbres y al orden p\u00fablico.<\/p><p>Finaccess Value no se responsabiliza del uso que cada usuario les d\u00e9 a los materiales puestos a disposici\u00f3n en este sitio web ni de las actuaciones que realice en base a los mismos.<\/p><p><b>3. DERECHOS DE PROPIEDAD INDUSTRIAL E INTELECTUAL<\/b><\/p><p>El Usuario reconoce y acepta que todos los derechos de propiedad industrial e intelectual sobre los Contenidos y\/o cualesquiera otros elementos insertados en el Sitio Web (incluyendo sin limitaci\u00f3n, marcas, logotipos, nombres comerciales, textos, im\u00e1genes, gr\u00e1ficos, dise\u00f1os, sonidos, bases de datos, software, diagramas de flujo, presentaci\u00f3n, \u201clook-and-feel\u201d, audio y v\u00eddeo), pertenecen a Finaccess Value y\/o a terceros. En ning\u00fan caso el acceso al Sitio Web implica ning\u00fan tipo de renuncia, transmisi\u00f3n o cesi\u00f3n total ni parcial de dichos derechos. El presente Aviso Legal del Sitio Web no confiere a los Usuarios ning\u00fan otro derecho de utilizaci\u00f3n, alteraci\u00f3n, explotaci\u00f3n, reproducci\u00f3n, distribuci\u00f3n o comunicaci\u00f3n p\u00fablica del Sitio Web y\/o de sus contenidos distintos de los aqu\u00ed expresamente previstos. Cualquier otro uso o explotaci\u00f3n de cualesquiera derechos estar\u00e1 sujeto a la previa y expresa autorizaci\u00f3n espec\u00edficamente otorgada a tal efecto por Finaccess Value o el tercero titular de los derechos afectados.<\/p><p>Finaccess Value autoriza a los Usuarios a utilizar, visualizar, imprimir, descargar y almacenar los Contenidos y los elementos insertados en el Sitio Web exclusivamente para su uso personal, privado y no lucrativo; siempre que en todo caso se indique el origen y autor de los mismos y que, en su caso, aparezca el s\u00edmbolo del copyright de sus titulares. Queda terminantemente prohibida la utilizaci\u00f3n de tales elementos, su reproducci\u00f3n, comunicaci\u00f3n o distribuci\u00f3n con fines comerciales o lucrativos, as\u00ed como su modificaci\u00f3n, alteraci\u00f3n, o descompilaci\u00f3n. Para cualquier otro uso distinto de los expresamente permitidos, ser\u00e1 necesario obtener el consentimiento previo por escrito del titular de los derechos de que se trate.<\/p><p><b>4. EMPLEO DE TECNOLOG\u00cdA COOKIE<\/b><\/p><p>El Usuario reconoce y acepta que Finaccess Value podr\u00e1 utilizar cookies cuando un Usuario navegue por el Sitio Web. Las cookies de Finaccess Value se asocian \u00fanicamente con un Usuario an\u00f3nimo y su ordenador y no proporcionan referencias que permitan deducir datos personales del Usuario. El Usuario podr\u00e1 configurar su navegador para que notifique y rechace la instalaci\u00f3n de las cookies enviadas por Finaccess Value, sin que ello perjudique la posibilidad del Usuario de acceder a los Contenidos. Puede conocer m\u00e1s detalle sobre las cookies que utiliza el sitio web en la<a href=\"https:\/\/finaccessvalue.es\/en\/politica-de-cookies\/\"> Cookie Policy<\/a>.<\/p><p><b>5. EXCLUSI\u00d3N DE GARANT\u00cdAS Y RESPONSABILIDAD<\/b><\/p><p>Exclusi\u00f3n de garant\u00edas y de responsabilidad por el funcionamiento del Sitio Web. Finaccess Value no garantiza la disponibilidad y continuidad del funcionamiento del Sitio Web o de aquellos otros sitios web con los que se haya establecido un Link. Asimismo, Finaccess Value no ser\u00e1 en ning\u00fan caso responsable por cualesquiera da\u00f1os y perjuicios que puedan derivarse de (i) la falta de disponibilidad o accesibilidad al Sitio Web o a aquellos otros sitios con los que se haya establecido un Link; (ii) la interrupci\u00f3n en el funcionamiento del Sitio Web o fallos inform\u00e1ticos, aver\u00edas telef\u00f3nicas, desconexiones, retrasos o bloqueos causados por deficiencias o sobrecargas en las l\u00edneas telef\u00f3nicas, en el sistema de Internet o en otros sistemas electr\u00f3nicos producidos en el curso de su funcionamiento; (iii) la falta de idoneidad del Sitio Web para las necesidades espec\u00edficas de los Usuarios; y (iv) otros da\u00f1os que puedan ser causador por terceras personas mediante intromisiones no autorizadas ajenas al control de Finaccess Value. Con el fin de disminuir el riesgo de introducci\u00f3n de virus en el Sitio Web, Finaccess Value utiliza programas de detecci\u00f3n de virus para controlar todos los Contenidos que introduce en el Sitio Web. No obstante, Finaccess Value no garantiza la ausencia de virus ni de otros elementos en el Sitio Web introducidos por terceros ajenos a Finaccess Value que puedan producir alteraciones en los sistemas f\u00edsicos o l\u00f3gicos de los Usuarios o en los documentos electr\u00f3nicos y ficheros almacenados en sus sistemas. En consecuencia, Finaccess Value no ser\u00e1 en ning\u00fan caso responsable de cualesquiera da\u00f1os y perjuicios de toda naturaleza que pudieran derivarse de la presencia de virus u otros elementos que puedan producir alteraciones en los sistemas f\u00edsicos o l\u00f3gicos, documentos electr\u00f3nicos o ficheros de los Usuarios.<\/p><p>Exclusi\u00f3n de garant\u00edas y de responsabilidad por los Contenidos. Con la inclusi\u00f3n en el Sitio Web de Contenidos de terceros, Finaccess Value no se convierte en editor de los mismos; y en consecuencia, no garantiza ni se hace responsable de la licitud, fiabilidad, utilidad, veracidad, exactitud, exhaustividad y actualidad de dichos contenidos. Finaccess Value no ser\u00e1 en ning\u00fan caso responsable de cualesquiera da\u00f1os y perjuicios que pudieran derivarse de (i) la falta de licitud, fiabilidad, utilidad, veracidad, exactitud, exhaustividad, y\/o actualidad de los contenidos originados por terceros; (ii) la inadecuaci\u00f3n para cualquier prop\u00f3sito y la defraudaci\u00f3n de las expectativas generadas por los contenidos; (iii) decisiones o acciones tomadas o evitadas por parte del Usuario confiando en la informaci\u00f3n o datos facilitados o proporcionados, incluyendo sin limitaci\u00f3n la p\u00e9rdida de ganancias o de posibilidad de inversi\u00f3n.<\/p><p><b>6. ACCIONES EN CASO DE INCUMPLIMIENTO<\/b><\/p><p>Finaccess Value se reserva el derecho a ejercer cuantas acciones est\u00e9n disponibles en derecho para exigir las responsabilidades que se deriven del incumplimiento de cualquiera de las disposiciones de este Aviso Legal del Sitio Web por parte de un Usuario.<\/p><p><b>7. NULIDAD PARCIAL<\/b><\/p><p>La declaraci\u00f3n de cualquiera de estas condiciones generales como nula, inv\u00e1lida o ineficaz no afectar\u00e1 a la validez o eficacia de las restantes, que seguir\u00e1n siendo vinculantes entre las partes. La renuncia por cualquiera de las partes a exigir en un momento determinado el cumplimiento de una cualquiera de las condiciones generales aqu\u00ed estipuladas, no implicar\u00e1 una renuncia con car\u00e1cter general al cumplimiento de otra condici\u00f3n o condiciones, ni crear\u00e1 un derecho adquirido para la otra parte.<\/p><p><b>8. LEY APLICABLE<\/b><\/p><p>La prestaci\u00f3n del servicio del Sitio Web y del presente Aviso Legal del Sitio Web se rigen por la ley espa\u00f1ola, sin perjuicio de la aplicaci\u00f3n de las normas de derecho necesario de otros Pa\u00edses que resulten aplicables de acuerdo con el derecho internacional privado.<\/p><p><b>9. JURISDICCI\u00d3N<\/b><\/p><p>Finaccess Value y el Usuario\/Distribuidor, en su caso, con renuncia expresa a cualquier otro fuero que pudiera corresponderles, acuerdan someterse a la jurisdicci\u00f3n de los Juzgados y Tribunales de la ciudad de Madrid, sin perjuicio de las normas de derecho internacional privado. El Usuario declara haber le\u00eddo y aceptar \u00edntegramente el Aviso Legal del Sitio Web, vigentes en el momento de acceder al Sitio Web.<\/p>\t\t\t\t\t\t\t\t<\/div>\n\t\t\t\t<\/div>\n\t\t\t\t\t<\/div>\n\t\t<\/div>\n\t\t\t\t\t<\/div>\n\t\t<\/section>\n\t\t\t\t<\/div>","protected":false},"excerpt":{"rendered":"<p>Aviso Legal El presente aviso legal regula el uso del Sitio Web www.finaccessvalue.es (el \u201cSitio Web\u201d) del que es titular FINACCESS VALUE AGENCIA DE VALORES, S.A.U. (en lo sucesivo, \u201cFinaccess Value\u201d). La navegaci\u00f3n por el Sitio Web de Finaccess Value, atribuye al visitante la condici\u00f3n de usuario e implica la aceptaci\u00f3n plena y sin reservas [&hellip;]<\/p>\n","protected":false},"author":1,"featured_media":0,"parent":0,"menu_order":0,"comment_status":"closed","ping_status":"closed","template":"elementor_header_footer","meta":{"footnotes":""},"class_list":["post-167","page","type-page","status-publish","hentry"],"_links":{"self":[{"href":"https:\/\/finaccessvalue.es\/en\/wp-json\/wp\/v2\/pages\/167","targetHints":{"allow":["GET"]}}],"collection":[{"href":"https:\/\/finaccessvalue.es\/en\/wp-json\/wp\/v2\/pages"}],"about":[{"href":"https:\/\/finaccessvalue.es\/en\/wp-json\/wp\/v2\/types\/page"}],"author":[{"embeddable":true,"href":"https:\/\/finaccessvalue.es\/en\/wp-json\/wp\/v2\/users\/1"}],"replies":[{"embeddable":true,"href":"https:\/\/finaccessvalue.es\/en\/wp-json\/wp\/v2\/comments?post=167"}],"version-history":[{"count":23,"href":"https:\/\/finaccessvalue.es\/en\/wp-json\/wp\/v2\/pages\/167\/revisions"}],"predecessor-version":[{"id":4640,"href":"https:\/\/finaccessvalue.es\/en\/wp-json\/wp\/v2\/pages\/167\/revisions\/4640"}],"wp:attachment":[{"href":"https:\/\/finaccessvalue.es\/en\/wp-json\/wp\/v2\/media?parent=167"}],"curies":[{"name":"wp","href":"https:\/\/api.w.org\/{rel}","templated":true}]}}