{"id":568,"date":"2021-10-19T00:42:04","date_gmt":"2021-10-18T22:42:04","guid":{"rendered":"https:\/\/finaccessvalue.es\/?page_id=568"},"modified":"2026-05-04T22:14:42","modified_gmt":"2026-05-04T20:14:42","slug":"politica-de-privacidad","status":"publish","type":"page","link":"https:\/\/finaccessvalue.es\/en\/politica-de-privacidad\/","title":{"rendered":"Privacy Policy"},"content":{"rendered":"<div data-elementor-type=\"wp-page\" data-elementor-id=\"568\" class=\"elementor elementor-568\" data-elementor-settings=\"{&quot;ha_cmc_init_switcher&quot;:&quot;no&quot;}\" data-elementor-post-type=\"page\">\n\t\t\t\t\t\t<section class=\"elementor-section elementor-top-section elementor-element elementor-element-c0b9946 elementor-section-boxed elementor-section-height-default elementor-section-height-default\" data-id=\"c0b9946\" data-element_type=\"section\" data-e-type=\"section\" data-settings=\"{&quot;_ha_eqh_enable&quot;:false}\">\n\t\t\t\t\t\t<div class=\"elementor-container elementor-column-gap-default\">\n\t\t\t\t\t<div class=\"elementor-column elementor-col-100 elementor-top-column elementor-element elementor-element-c093bde\" data-id=\"c093bde\" data-element_type=\"column\" data-e-type=\"column\">\n\t\t\t<div class=\"elementor-widget-wrap elementor-element-populated\">\n\t\t\t\t\t\t<div class=\"elementor-element elementor-element-80137b0 elementor-widget elementor-widget-heading\" data-id=\"80137b0\" data-element_type=\"widget\" data-e-type=\"widget\" data-widget_type=\"heading.default\">\n\t\t\t\t<div class=\"elementor-widget-container\">\n\t\t\t\t\t<h4 class=\"elementor-heading-title elementor-size-default\">Privacy Policy<\/h4>\t\t\t\t<\/div>\n\t\t\t\t<\/div>\n\t\t\t\t\t<\/div>\n\t\t<\/div>\n\t\t\t\t\t<\/div>\n\t\t<\/section>\n\t\t\t\t<section class=\"elementor-section elementor-top-section elementor-element elementor-element-d172320 elementor-section-boxed elementor-section-height-default elementor-section-height-default\" data-id=\"d172320\" data-element_type=\"section\" data-e-type=\"section\" data-settings=\"{&quot;_ha_eqh_enable&quot;:false}\">\n\t\t\t\t\t\t<div class=\"elementor-container elementor-column-gap-default\">\n\t\t\t\t\t<div class=\"elementor-column elementor-col-100 elementor-top-column elementor-element elementor-element-af472b0\" data-id=\"af472b0\" data-element_type=\"column\" data-e-type=\"column\">\n\t\t\t<div class=\"elementor-widget-wrap elementor-element-populated\">\n\t\t\t\t\t\t<div class=\"elementor-element elementor-element-48902e6 elementor-widget elementor-widget-text-editor\" data-id=\"48902e6\" data-element_type=\"widget\" data-e-type=\"widget\" data-widget_type=\"text-editor.default\">\n\t\t\t\t<div class=\"elementor-widget-container\">\n\t\t\t\t\t\t\t\t\t<p><b>\u00bfQui\u00e9n es el Responsable del Tratamiento de sus datos personales?\u00a0<\/b><\/p><p>El responsable del tratamiento de sus datos personales es FINACCESS VALUE AGENCIA DE VALORES, S.A.U (en adelante, \u00a8Finaccess Value\u00a8) con CIF A02740306 y con domicilio social en Calle Antonio Maura 8, PB, 28014, Madrid.<\/p><p>Para cualquier consulta o solicitud sobre la protecci\u00f3n de datos, puede ponerse en contacto con nosotros en la siguiente direcci\u00f3n de correo electr\u00f3nico: <a href=\"mailto:dpo@finaccessvalue.es\">dpo@finaccessvalue.es<\/a>\u00a0<\/p><p><b>\u00bfCu\u00e1les son las finalidades del tratamiento de sus datos personales?\u00a0<\/b><\/p><p><b style=\"color: var( --e-global-color-text );\">1. Contacto<\/b><\/p><p>En el caso de que haya rellenado sus datos en el formulario o te hayas puesto en contacto con nosotros a trav\u00e9s de la direcci\u00f3n indicada, trataremos sus datos personales para la gesti\u00f3n, y ejecuci\u00f3n de tu solicitud, operaci\u00f3n, servicio o contrataci\u00f3n. Este tratamiento tiene su base de legitimaci\u00f3n en el consentimiento que se traslada en la propia solicitud. \u00a0<\/p><p>Puede retirar su consentimiento en cualquier momento y sin que sea necesaria ninguna justificaci\u00f3n, expresando su voluntad a la direcci\u00f3n de correo electr\u00f3nico: <a href=\"mailto:dpo@finaccessvalue.es\">dpo@finaccessvalue.es<\/a>\u00a0<\/p><p><span style=\"color: var( --e-global-color-text ); font-weight: bold;\">2. B<\/span><b style=\"color: var( --e-global-color-text );\">log\/Newsletter<\/b><\/p><p>En el caso de que haya rellenado sus datos en el formulario de contacto del Blog o haya solicitado el env\u00edo de nuestro Newsletter, trataremos sus datos personales para poder enviarle informaci\u00f3n sobre los asuntos de inter\u00e9s que ha marcado. Este tratamiento tiene su base de legitimaci\u00f3n en el consentimiento que se traslada en la propia solicitud. \u00a0<\/p><p>Puede retirar su consentimiento en cualquier momento y sin que sea necesaria ninguna justificaci\u00f3n, expresando su voluntad a la direcci\u00f3n <a href=\"mailto:dpo@finaccessvalue.es\">dpo@finaccessvalue.es<\/a>. As\u00ed como en cada una de las comunicaciones que reciba a su correo por nuestra parte.<\/p><p><b style=\"color: var( --e-global-color-text );\">3. Env\u00edo de CV<\/b><\/p><p>En este caso, le ofrecemos la posibilidad de conocer nuestras ofertas de trabajo, as\u00ed como remitir solicitud de empleo y adjuntar tu CV para participar en los procesos de selecci\u00f3n. Este tratamiento tiene su base de legitimaci\u00f3n en el consentimiento que se traslada al enviar el CV. \u00a0<\/p><p><span style=\"color: var( --e-global-color-text ); font-weight: bold;\">4.\u00a0<\/span><b style=\"color: var( --e-global-color-text );\">Cookies<\/b><\/p><p>Utilizamos las Cookies para gestionar la navegaci\u00f3n a trav\u00e9s de nuestra P\u00e1gina Web conforme a la Pol\u00edtica de Cookies. Este tratamiento tiene su base de legitimaci\u00f3n en el consentimiento que otorga al aceptar las cookies.<\/p><p><b>\u00bfPor cu\u00e1nto tiempo conservaremos sus datos?\u00a0<\/b><\/p><p>Conservaremos sus datos durante el tiempo que permanezcan vigentes las relaciones derivadas de la solicitud, operativa, servicio y\/o contrataci\u00f3n y debidamente bloqueados durante el plazo de prescripci\u00f3n de acciones derivadas de las relaciones a los \u00fanicos efectos de cumplir con las obligaciones legales requeridas y la formulaci\u00f3n, ejercicio o defensa de reclamaciones.\u00a0<\/p><p>Los datos obtenidos para examinar candidaturas, se mantendr\u00e1n el plazo que dure el proceso de selecci\u00f3n. En caso de no ser seleccionado, sus datos se conservar\u00e1n por un plazo m\u00e1ximo de 1 a\u00f1o.<\/p><p>En el caso de las cookies, los datos personales derivados de las cookies ser\u00e1n tratados mientras no se retire su consentimiento siendo 2 a\u00f1os el plazo m\u00e1ximo.<\/p><p><b>\u00bfA qu\u00e9 destinatarios se comunicar\u00e1n sus datos?<\/b><\/p><p>Sus datos podr\u00e1n ser comunicados a autoridades y organismos p\u00fablicos para el cumplimiento de una obligaci\u00f3n legal requerida, as\u00ed como a proveedores de servicios y a terceros necesarios para la gesti\u00f3n y ejecuci\u00f3n de las relaciones derivadas de la solicitud, operativa, servicio y\/contrataci\u00f3n.\u00a0<\/p><p>No cederemos sus datos personales a terceros, salvo que estemos obligados por una ley o que t\u00fa lo consientas.<\/p><p>Cuando sea necesario su consentimiento para comunicar sus datos personales a terceros distintos de los informados anteriormente, le informaremos de manera previa acerca de la finalidad del tratamiento, de los datos objeto de comunicaci\u00f3n, as\u00ed como de la identidad o sectores de actividad de los posibles cesionarios de sus datos personales.<\/p><p>Adem\u00e1s, le informamos que, determinadas sociedades que prestan servicios a Finaccess Value podr\u00edan acceder a sus datos personales (transferencias internacionales de datos). Dichas transferencias se realizan a pa\u00edses con un nivel de protecci\u00f3n equiparable al de la Uni\u00f3n Europea o en su caso, con las debidas garant\u00edas.\u00a0<\/p><p><b>\u00bfCu\u00e1les son sus derechos cuando nos facilita sus datos personales?<\/b><\/p><p>Puedes ejercer su derecho de acceso a los datos personales, as\u00ed como solicitar la rectificaci\u00f3n de los datos inexactos o, en su caso, solicitar su supresi\u00f3n cuando los datos ya no sean necesarios para los fines que fueron recogidos. Tambi\u00e9n podr\u00e1s solicitar la limitaci\u00f3n, portabilidad y oposici\u00f3n del tratamiento de sus datos, en determinadas circunstancias y por motivos relacionados con su situaci\u00f3n particular.<\/p><p>Podr\u00e1 ejercitar los derechos referidos anteriormente, en los t\u00e9rminos y condiciones previstos en la legislaci\u00f3n vigente, en el domicilio social de Finaccess Value (Calle N\u00fa\u00f1ez de Balboa 9, 1\u00ba Izquierda, 28001, Madrid) o solicit\u00e1ndolo mediante el env\u00edo de correo electr\u00f3nico a\u00a0<a href=\"mailto:dpo@finaccessvalue.es\">dpo@finaccessvalue.es<\/a> junto una copia de su DNI o documento equivalente acreditativo de su identidad.<\/p><p>Si considera que no hemos tratado sus datos personales de acuerdo con la normativa, puede contactar con el Delegado de Protecci\u00f3n de Datos en la direcci\u00f3n\u00a0<a href=\"mailto:dpo@finaccessvalue.es\">dpo@finaccessvalue.es<\/a>. No obstante, tiene derecho a presentar una reclamaci\u00f3n ante la Agencia Espa\u00f1ola de Protecci\u00f3n de Datos (<a href=\"http:\/\/www.aepd.es\" target=\"_blank\" rel=\"noopener\">www.aepd.es<\/a>).<\/p>\t\t\t\t\t\t\t\t<\/div>\n\t\t\t\t<\/div>\n\t\t\t\t\t<\/div>\n\t\t<\/div>\n\t\t\t\t\t<\/div>\n\t\t<\/section>\n\t\t\t\t<\/div>","protected":false},"excerpt":{"rendered":"<p>Pol\u00edtica de Privacidad \u00bfQui\u00e9n es el Responsable del Tratamiento de sus datos personales?\u00a0 El responsable del tratamiento de sus datos personales es FINACCESS VALUE AGENCIA DE VALORES, S.A.U (en adelante, \u00a8Finaccess Value\u00a8) con CIF A02740306 y con domicilio social en Calle Antonio Maura 8, PB, 28014, Madrid. Para cualquier consulta o solicitud sobre la protecci\u00f3n [&hellip;]<\/p>\n","protected":false},"author":1,"featured_media":0,"parent":0,"menu_order":0,"comment_status":"closed","ping_status":"closed","template":"elementor_header_footer","meta":{"footnotes":""},"class_list":["post-568","page","type-page","status-publish","hentry"],"_links":{"self":[{"href":"https:\/\/finaccessvalue.es\/en\/wp-json\/wp\/v2\/pages\/568","targetHints":{"allow":["GET"]}}],"collection":[{"href":"https:\/\/finaccessvalue.es\/en\/wp-json\/wp\/v2\/pages"}],"about":[{"href":"https:\/\/finaccessvalue.es\/en\/wp-json\/wp\/v2\/types\/page"}],"author":[{"embeddable":true,"href":"https:\/\/finaccessvalue.es\/en\/wp-json\/wp\/v2\/users\/1"}],"replies":[{"embeddable":true,"href":"https:\/\/finaccessvalue.es\/en\/wp-json\/wp\/v2\/comments?post=568"}],"version-history":[{"count":31,"href":"https:\/\/finaccessvalue.es\/en\/wp-json\/wp\/v2\/pages\/568\/revisions"}],"predecessor-version":[{"id":4668,"href":"https:\/\/finaccessvalue.es\/en\/wp-json\/wp\/v2\/pages\/568\/revisions\/4668"}],"wp:attachment":[{"href":"https:\/\/finaccessvalue.es\/en\/wp-json\/wp\/v2\/media?parent=568"}],"curies":[{"name":"wp","href":"https:\/\/api.w.org\/{rel}","templated":true}]}}