{"id":570,"date":"2021-10-19T00:42:38","date_gmt":"2021-10-18T22:42:38","guid":{"rendered":"https:\/\/finaccessvalue.es\/?page_id=570"},"modified":"2026-05-04T22:14:42","modified_gmt":"2026-05-04T20:14:42","slug":"politica-de-cookies","status":"publish","type":"page","link":"https:\/\/finaccessvalue.es\/en\/politica-de-cookies\/","title":{"rendered":"Cookie Policy"},"content":{"rendered":"<div data-elementor-type=\"wp-page\" data-elementor-id=\"570\" class=\"elementor elementor-570\" data-elementor-settings=\"{&quot;ha_cmc_init_switcher&quot;:&quot;no&quot;}\" data-elementor-post-type=\"page\">\n\t\t\t\t\t\t<section class=\"elementor-section elementor-top-section elementor-element elementor-element-d14d68e elementor-section-boxed elementor-section-height-default elementor-section-height-default\" data-id=\"d14d68e\" data-element_type=\"section\" data-e-type=\"section\" data-settings=\"{&quot;_ha_eqh_enable&quot;:false}\">\n\t\t\t\t\t\t<div class=\"elementor-container elementor-column-gap-default\">\n\t\t\t\t\t<div class=\"elementor-column elementor-col-100 elementor-top-column elementor-element elementor-element-f04d527\" data-id=\"f04d527\" data-element_type=\"column\" data-e-type=\"column\">\n\t\t\t<div class=\"elementor-widget-wrap elementor-element-populated\">\n\t\t\t\t\t\t<div class=\"elementor-element elementor-element-f79535a elementor-widget elementor-widget-heading\" data-id=\"f79535a\" data-element_type=\"widget\" data-e-type=\"widget\" data-widget_type=\"heading.default\">\n\t\t\t\t<div class=\"elementor-widget-container\">\n\t\t\t\t\t<h4 class=\"elementor-heading-title elementor-size-default\">Cookie Policy<\/h4>\t\t\t\t<\/div>\n\t\t\t\t<\/div>\n\t\t\t\t\t<\/div>\n\t\t<\/div>\n\t\t\t\t\t<\/div>\n\t\t<\/section>\n\t\t\t\t<section class=\"elementor-section elementor-top-section elementor-element elementor-element-6d1fe74 elementor-section-boxed elementor-section-height-default elementor-section-height-default\" data-id=\"6d1fe74\" data-element_type=\"section\" data-e-type=\"section\" data-settings=\"{&quot;_ha_eqh_enable&quot;:false}\">\n\t\t\t\t\t\t<div class=\"elementor-container elementor-column-gap-default\">\n\t\t\t\t\t<div class=\"elementor-column elementor-col-100 elementor-top-column elementor-element elementor-element-e9ca2ce\" data-id=\"e9ca2ce\" data-element_type=\"column\" data-e-type=\"column\">\n\t\t\t<div class=\"elementor-widget-wrap elementor-element-populated\">\n\t\t\t\t\t\t<div class=\"elementor-element elementor-element-56a7c3a elementor-widget elementor-widget-text-editor\" data-id=\"56a7c3a\" data-element_type=\"widget\" data-e-type=\"widget\" data-widget_type=\"text-editor.default\">\n\t\t\t\t<div class=\"elementor-widget-container\">\n\t\t\t\t\t\t\t\t\t<p class=\"p1\"><b>\u00bfQu\u00e9 es una cookie?<\/b><\/p>\n<p class=\"p1\">Una cookie es un peque\u00f1o fichero de texto que una p\u00e1gina web coloca en tu PC, tel\u00e9fono o cualquier otro dispositivo, con informaci\u00f3n sobre la navegaci\u00f3n que realizas en dicha web.<\/p>\n<p class=\"p1\">Las cookies son ampliamente utilizadas para que la web funcione correctamente y de manera eficiente ya que proporciona informaci\u00f3n a los propietarios del sitio web. De manera adicional, las cookies se utilizan para hacer an\u00e1lisis de navegaci\u00f3n y estad\u00edsticas de uso, publicidad comportamental pero tambi\u00e9n para facilitar la navegaci\u00f3n y hacerla m\u00e1s eficiente de cara al usuario: por ejemplo, cuando vuelves a visitar la web sus preferencias han quedado almacenadas y as\u00ed se te muestra y ofrece informaci\u00f3n relevante para ti. Las cookies nos permiten, entre otras cosas, almacenar y recuperar informaci\u00f3n sobre sus h\u00e1bitos de navegaci\u00f3n y de su equipo y, dependiendo de la informaci\u00f3n que contenga y de la que utilice su dispositivo, pueden utilizarse para reconocer e identificar al usuario con el fin de mejorar la experiencia de navegaci\u00f3n.<span class=\"Apple-converted-space\">\u00a0<\/span><\/p>\n<p class=\"p1\">Si prefiere no enviar cookies a nuestros sistemas puede desactivarlas y controlarlas a trav\u00e9s de la configuraci\u00f3n del navegador o borr\u00e1ndolas del navegador cuando finalice su visita. <span class=\"Apple-converted-space\">\u00a0<\/span><\/p>\n<p class=\"p1\"><b>Qu\u00e9 tipo de cookies utiliza este sitio web:<\/b><\/p>\n<p class=\"p1\">Finaccess Value utiliza cookies propias y de terceros tanto persistentes como de sesi\u00f3n con fines t\u00e9cnicos, de personalizaci\u00f3n y anal\u00edticas.<\/p>\n&nbsp; <table class=\"default\">\n\n  <tr>\n\n    <td>TIPO<\/td>\n\n    <td>DESCRIPCI\u00d3N<\/td>\n\n    <td>USO<\/td>\n\n  <\/tr>\n\n  <tr>\n\n    <td>Anal\u00edticas<\/td>\n\n    <td>Recopilan informaci\u00f3n de tu experiencia de navegaci\u00f3n en nuestros portales web de forma totalmente an\u00f3nima. \u2013 Podemos contabilizar el n\u00famero de visitantes de la p\u00e1gina o los contenidos m\u00e1s vistos.<\/td>\n\n    <td>\u00b7 Podemos saber si el usuario que est\u00e1 accediendo es nuevo o repite visita.\n\u00b7 Esa informaci\u00f3n puede ayudarnos a mejorar la navegaci\u00f3n y darte un mejor servicio.<\/td>\n\n  <\/tr>\n\n<\/table>\n<p class=\"p1\">Si lo desea, el usuario puede desactivar y\/o eliminar las cookies que empleamos en el panel que mostramos a continuaci\u00f3n. Tambi\u00e9n puede configurar su navegador de internet para permitir, prohibir o regular el uso de las cookies. En todo caso, le informamos que en esos casos puede que, dependiendo de la configuraci\u00f3n escogida, la capacidad de utilizar algunas funcionalidades del sitio web puede ser mermada sensiblemente y no sea compatible con sus necesidades.<span class=\"Apple-converted-space\">\u00a0<\/span><\/p>\n<p class=\"p1\">A continuaci\u00f3n, le explicamos con mayor detalle qu\u00e9 tipo de cookies empleamos, su finalidad y titularidad, as\u00ed como configurarlas:<span class=\"Apple-converted-space\">\u00a0<\/span><\/p>\t\t\t\t\t\t\t\t<\/div>\n\t\t\t\t<\/div>\n\t\t\t\t\t<\/div>\n\t\t<\/div>\n\t\t\t\t\t<\/div>\n\t\t<\/section>\n\t\t\t\t<section class=\"elementor-section elementor-top-section elementor-element elementor-element-101693e elementor-section-boxed elementor-section-height-default elementor-section-height-default\" data-id=\"101693e\" data-element_type=\"section\" data-e-type=\"section\" data-settings=\"{&quot;_ha_eqh_enable&quot;:false}\">\n\t\t\t\t\t\t<div class=\"elementor-container elementor-column-gap-default\">\n\t\t\t\t\t<div class=\"elementor-column elementor-col-100 elementor-top-column elementor-element elementor-element-cc366f5\" data-id=\"cc366f5\" data-element_type=\"column\" data-e-type=\"column\">\n\t\t\t<div class=\"elementor-widget-wrap elementor-element-populated\">\n\t\t\t\t\t\t<div class=\"elementor-element elementor-element-fd0c5f8 elementor-widget elementor-widget-text-editor\" data-id=\"fd0c5f8\" data-element_type=\"widget\" data-e-type=\"widget\" data-widget_type=\"text-editor.default\">\n\t\t\t\t<div class=\"elementor-widget-container\">\n\t\t\t\t\t\t\t\t\t<p class=\"p1\"><b>Transferencias internacionales<\/b><\/p><p class=\"p2\"><i>Ej. Las cookies de terceros que se utilizan en esta p\u00e1gina web pertenecen a Facebook y a Google. Ambas est\u00e1n situadas en EE.UU por lo que sus tratamientos de datos suponen una transferencia internacional de datos a un pa\u00eds que no tiene un nivel de protecci\u00f3n equiparable al europeo.<span class=\"Apple-converted-space\">\u00a0 <\/span>Ambas entidades cumplen con las garant\u00edas adecuadas recogidas en el Reglamento General de Protecci\u00f3n de Datos. En concreto, Facebook cuenta con cl\u00e1usulas modales tipo a las que puede acceder en este enlace donde el importador de los datos se obliga a tratar los mismos conforme a los requisitos contractuales <\/i><a href=\"https:\/\/www.facebook.com\/help\/566994660333381?ref=dp\" target=\"_blank\" rel=\"noopener\"><span class=\"s1\"><i>https:\/\/www.facebook.com\/help\/566994660333381?ref=dp<\/i><\/span><\/a><i>. En el caso de Google, informaci\u00f3n de dichas cl\u00e1usulas se pueden obtener en el siguiente enlace <\/i><a href=\"https:\/\/policies.google.com\/privacy\/frameworks?hl=en-US\" target=\"_blank\" rel=\"noopener\"><span class=\"s1\"><i>https:\/\/policies.google.com\/privacy\/frameworks?hl=en-US<\/i><\/span><\/a><i>.<span class=\"Apple-converted-space\">\u00a0<\/span><\/i><\/p><p class=\"p3\"><i>Estas cl\u00e1usulas contractuales tipo adoptadas por ambas entidades, suponen una garant\u00eda adecuada para dichas transferencias internacionales.<\/i><span class=\"s2\"><i><span class=\"Apple-converted-space\">\u00a0<\/span><\/i><\/span><\/p><p class=\"p4\"><b>\u00bfC\u00f3mo se borran las cookies?<\/b><\/p><p class=\"p4\">Puede borrar las cookies desde el panel de control anterior de forma muy sencilla. No obstante, tambi\u00e9n podr\u00e1 hacerlo desde su navegador web, que permite gestionar, en cualquier momento, las preferencias del usuario sobre el uso de las cookies seg\u00fan su criterio.<\/p><p class=\"p4\">En funci\u00f3n del tipo de navegador que el usuario utilice, el procedimiento para la revocaci\u00f3n y eliminaci\u00f3n de las cookies ser\u00e1 alguno de los siguientes:<span class=\"Apple-converted-space\">\u00a0<\/span><\/p><p class=\"p4\">\u2022 Firefox: http:\/\/support.mozilla.org\/es\/home <span class=\"Apple-converted-space\">\u00a0<\/span><\/p><p class=\"p4\">\u2022 Internet Explorer: http:\/\/support.microsoft.com\/ph\/807\/es-es <span class=\"Apple-converted-space\">\u00a0<\/span><\/p><p class=\"p4\">\u2022 Safari: http:\/\/support.apple.com\/kb\/HT1677?viewlocale=es_ES<span class=\"Apple-converted-space\">\u00a0<\/span><\/p><p class=\"p4\">\u2022 Opera: http:\/\/help.opera.com\/Windows\/8.54\/es-ES\/index.html <span class=\"Apple-converted-space\">\u00a0<\/span><\/p><p class=\"p4\">\u2022 Google Chrome: https:\/\/support.google.com\/chrome\/answer\/95647?hl=es<span class=\"Apple-converted-space\">\u00a0<\/span><\/p><p class=\"p4\"><b>Ejercicio de derechos y m\u00e1s informaci\u00f3n sobre la pol\u00edtica de protecci\u00f3n de datos<\/b><\/p><p class=\"p4\">Puede ejercer sus derechos de acceso, rectificaci\u00f3n, supresi\u00f3n, portabilidad, oposici\u00f3n, limitaci\u00f3n al tratamiento o a no ser objeto de decisiones automatizadas por parte del responsable del tratamiento dirigiendo una comunicaci\u00f3n por escrito a Calle N\u00fa\u00f1ez de Balboa 9, 1\u00ba Izquierda, 28001, Madrid<i> <\/i>o solicit\u00e1ndolo mediante el env\u00edo de correo electr\u00f3nico a\u00a0<a href=\"mailto:dpo@finaccessvalue.es\"><span class=\"s1\">dpo@finaccessvalue.es<\/span><\/a>.<span class=\"Apple-converted-space\">\u00a0<\/span><\/p><p class=\"p4\">Adem\u00e1s, puede dirigir una reclamaci\u00f3n ante la Agencia Espa\u00f1ola de Protecci\u00f3n de Datos en caso de que considere que no se ha realizado un tratamiento correcto de sus datos o hemos vulnerado alguno de sus derechos. (<a href=\"http:\/\/www.aepd.es\" target=\"_blank\" rel=\"noopener\"><span class=\"s1\">www.aepd.es<\/span><\/a>).<span class=\"Apple-converted-space\">\u00a0<\/span><\/p><p class=\"p4\">Para m\u00e1s informaci\u00f3n sobre el tratamiento de sus datos personales consulte la Pol\u00edtica de Privacidad de la web.<span class=\"Apple-converted-space\">\u00a0<\/span><\/p><p class=\"p4\"><b>Notas adicionales<span class=\"Apple-converted-space\">\u00a0<\/span><\/b><\/p><p class=\"p4\">Los navegadores web son las herramientas encargadas de almacenar las cookies y desde este lugar debe efectuar su derecho a eliminaci\u00f3n o desactivaci\u00f3n de estas. Ni esta web ni sus representantes legales pueden garantizar la correcta o incorrecta manipulaci\u00f3n de las cookies por parte de los mencionados navegadores.<span class=\"Apple-converted-space\">\u00a0<\/span><\/p><p class=\"p4\">En algunos casos es necesario instalar cookies para que el navegador no olvide su decisi\u00f3n de no aceptaci\u00f3n de estas.<span class=\"Apple-converted-space\">\u00a0<\/span><\/p><p class=\"p4\"><b>Actualizaciones y cambios en la Pol\u00edtica de Cookies<\/b><\/p><p class=\"p4\">Finaccess Value puede modificar esta Pol\u00edtica de Cookies en funci\u00f3n de nuevas exigencias legislativas, reglamentarias o con la finalidad de adaptar dicha pol\u00edtica a las instrucciones dictadas por la Agencia Espa\u00f1ola de Protecci\u00f3n de Datos.<\/p><p class=\"p4\">Cuando se produzcan cambios significativos en esta Pol\u00edtica de Cookies se comunicar\u00e1 al usuario, bien mediante un aviso informativo en la p\u00e1gina web del editor bien a trav\u00e9s de correo electr\u00f3nico para los usuarios registrados.<\/p>\t\t\t\t\t\t\t\t<\/div>\n\t\t\t\t<\/div>\n\t\t\t\t\t<\/div>\n\t\t<\/div>\n\t\t\t\t\t<\/div>\n\t\t<\/section>\n\t\t\t\t<\/div>","protected":false},"excerpt":{"rendered":"<p>Pol\u00edtica de Cookies \u00bfQu\u00e9 es una cookie? Una cookie es un peque\u00f1o fichero de texto que una p\u00e1gina web coloca en tu PC, tel\u00e9fono o cualquier otro dispositivo, con informaci\u00f3n sobre la navegaci\u00f3n que realizas en dicha web. Las cookies son ampliamente utilizadas para que la web funcione correctamente y de manera eficiente ya que [&hellip;]<\/p>\n","protected":false},"author":1,"featured_media":0,"parent":0,"menu_order":0,"comment_status":"closed","ping_status":"closed","template":"elementor_header_footer","meta":{"footnotes":""},"class_list":["post-570","page","type-page","status-publish","hentry"],"_links":{"self":[{"href":"https:\/\/finaccessvalue.es\/en\/wp-json\/wp\/v2\/pages\/570","targetHints":{"allow":["GET"]}}],"collection":[{"href":"https:\/\/finaccessvalue.es\/en\/wp-json\/wp\/v2\/pages"}],"about":[{"href":"https:\/\/finaccessvalue.es\/en\/wp-json\/wp\/v2\/types\/page"}],"author":[{"embeddable":true,"href":"https:\/\/finaccessvalue.es\/en\/wp-json\/wp\/v2\/users\/1"}],"replies":[{"embeddable":true,"href":"https:\/\/finaccessvalue.es\/en\/wp-json\/wp\/v2\/comments?post=570"}],"version-history":[{"count":28,"href":"https:\/\/finaccessvalue.es\/en\/wp-json\/wp\/v2\/pages\/570\/revisions"}],"predecessor-version":[{"id":2861,"href":"https:\/\/finaccessvalue.es\/en\/wp-json\/wp\/v2\/pages\/570\/revisions\/2861"}],"wp:attachment":[{"href":"https:\/\/finaccessvalue.es\/en\/wp-json\/wp\/v2\/media?parent=570"}],"curies":[{"name":"wp","href":"https:\/\/api.w.org\/{rel}","templated":true}]}}